{"id":11,"date":"2024-03-12T17:45:31","date_gmt":"2024-03-12T16:45:31","guid":{"rendered":"https:\/\/manivelle-et-turbo.com\/?page_id=11"},"modified":"2026-03-09T21:06:53","modified_gmt":"2026-03-09T20:06:53","slug":"elementor-11","status":"publish","type":"page","link":"https:\/\/manivelle-et-turbo.com\/?page_id=11","title":{"rendered":"Pour qui ?"},"content":{"rendered":"\t\t<div data-elementor-type=\"wp-post\" data-elementor-id=\"11\" class=\"elementor elementor-11\">\n\t\t\t\t<div class=\"elementor-element elementor-element-edbbafe e-flex e-con-boxed e-con e-parent\" data-id=\"edbbafe\" data-element_type=\"container\">\n\t\t\t\t\t<div class=\"e-con-inner\">\n\t\t\t\t<div class=\"elementor-element elementor-element-d2c1047 elementor-widget elementor-widget-text-editor\" data-id=\"d2c1047\" data-element_type=\"widget\" data-widget_type=\"text-editor.default\">\n\t\t\t\t<div class=\"elementor-widget-container\">\n\t\t\t\t\t\t\t\t\t<h1><span style=\"color: #993300;\"><strong>L\u2019\u00c9chapp\u00e9e Vintage<\/strong><\/span><\/h1>\n<h3 style=\"text-align: justify;\"><span style=\"color: #000000;\"><strong>\u00ab\u00a0L&rsquo;\u00c9chapp\u00e9e Vintage\u00a0\u00bb : Le Grand Rendez-Vous des V\u00e9hicules Remarquables et Collectors des Monts du Lyonnais<\/strong><\/span><\/h3>\n<h3 style=\"text-align: justify;\"><span style=\"color: #000000;\">Amateurs de belles m\u00e9caniques, collectionneurs passionn\u00e9s, et simples curieux seront ravis par la diversit\u00e9 des v\u00e9hicules pr\u00e9sent\u00e9s lors de \u00ab\u00a0L&rsquo;\u00c9chapp\u00e9e Vintage\u00a0\u00bb.&nbsp;<\/span><\/h3>\n<h3 style=\"text-align: justify;\"><span style=\"color: #000000;\">Autos, motos, tracteurs, camions, mobylettes et bien d&rsquo;autres joyaux m\u00e9caniques seront \u00e0 l&rsquo;honneur, t\u00e9moins vivants de l&rsquo;histoire automobile et de la passion des collectionneurs.<\/span><\/h3>\n<h3><span style=\"color: #000000;\">Testez des simulateurs de pilotage, d\u00e9couvrez des mod\u00e8les rares et exclusifs, et \u00e9changez avec des passionn\u00e9s lors d&rsquo;ateliers d\u00e9bats et rencontres uniques. <\/span><\/h3>\n<h3><font color=\"#000000\"><i>D\u00e9couvrez \u00e9galement nos diff\u00e9rentes exposants.<\/i><\/font><\/h3>\n<h3><span style=\"color: #000000;\">Pour l\u2019<strong>inscription<\/strong> :&nbsp;&nbsp;<\/span><a href=\"https:\/\/manivelle-et-turbo.badgeacces.fr\" style=\"font-family: Aptos, sans-serif; font-size: 12pt;\">https:\/\/manivelle-et-turbo.badgeacces.fr<\/a><\/h3>\t\t\t\t\t\t\t\t<\/div>\n\t\t\t\t<\/div>\n\t\t\t\t\t<\/div>\n\t\t\t\t<\/div>\n\t\t\t\t<\/div>\n\t\t","protected":false},"excerpt":{"rendered":"<p>L\u2019\u00c9chapp\u00e9e Vintage \u00ab\u00a0L&rsquo;\u00c9chapp\u00e9e Vintage\u00a0\u00bb : Le Grand Rendez-Vous des V\u00e9hicules Remarquables et Collectors des Monts du Lyonnais Amateurs de belles m\u00e9caniques, collectionneurs passionn\u00e9s, et simples curieux seront ravis par la diversit\u00e9 des v\u00e9hicules pr\u00e9sent\u00e9s lors de \u00ab\u00a0L&rsquo;\u00c9chapp\u00e9e Vintage\u00a0\u00bb.&nbsp; Autos, motos, tracteurs, camions, mobylettes et bien d&rsquo;autres joyaux m\u00e9caniques seront \u00e0 l&rsquo;honneur, t\u00e9moins vivants de l&rsquo;histoire [&hellip;]<\/p>\n","protected":false},"author":1,"featured_media":0,"parent":0,"menu_order":1,"comment_status":"closed","ping_status":"closed","template":"","meta":{"footnotes":""},"class_list":["post-11","page","type-page","status-publish","hentry"],"yoast_head":"<!-- This site is optimized with the Yoast SEO plugin v24.9 - https:\/\/yoast.com\/wordpress\/plugins\/seo\/ -->\n<title>Pour qui ? - Manivelle et Turbo<\/title>\n<meta name=\"robots\" content=\"index, follow, max-snippet:-1, max-image-preview:large, max-video-preview:-1\" \/>\n<link rel=\"canonical\" href=\"https:\/\/manivelle-et-turbo.com\/?page_id=11\" \/>\n<meta property=\"og:locale\" content=\"fr_FR\" \/>\n<meta property=\"og:type\" content=\"article\" \/>\n<meta property=\"og:title\" content=\"Pour qui ? - Manivelle et Turbo\" \/>\n<meta property=\"og:description\" content=\"L\u2019\u00c9chapp\u00e9e Vintage \u00ab\u00a0L&rsquo;\u00c9chapp\u00e9e Vintage\u00a0\u00bb : Le Grand Rendez-Vous des V\u00e9hicules Remarquables et Collectors des Monts du Lyonnais Amateurs de belles m\u00e9caniques, collectionneurs passionn\u00e9s, et simples curieux seront ravis par la diversit\u00e9 des v\u00e9hicules pr\u00e9sent\u00e9s lors de \u00ab\u00a0L&rsquo;\u00c9chapp\u00e9e Vintage\u00a0\u00bb.&nbsp; Autos, motos, tracteurs, camions, mobylettes et bien d&rsquo;autres joyaux m\u00e9caniques seront \u00e0 l&rsquo;honneur, t\u00e9moins vivants de l&rsquo;histoire [&hellip;]\" \/>\n<meta property=\"og:url\" content=\"https:\/\/manivelle-et-turbo.com\/?page_id=11\" \/>\n<meta property=\"og:site_name\" content=\"Manivelle et Turbo\" \/>\n<meta property=\"article:modified_time\" content=\"2026-03-09T20:06:53+00:00\" \/>\n<meta name=\"twitter:card\" content=\"summary_large_image\" \/>\n<meta name=\"twitter:label1\" content=\"Dur\u00e9e de lecture estim\u00e9e\" \/>\n\t<meta name=\"twitter:data1\" content=\"1 minute\" \/>\n<script type=\"application\/ld+json\" class=\"yoast-schema-graph\">{\"@context\":\"https:\/\/schema.org\",\"@graph\":[{\"@type\":\"WebPage\",\"@id\":\"https:\/\/manivelle-et-turbo.com\/?page_id=11\",\"url\":\"https:\/\/manivelle-et-turbo.com\/?page_id=11\",\"name\":\"Pour qui ? - Manivelle et Turbo\",\"isPartOf\":{\"@id\":\"https:\/\/manivelle-et-turbo.com\/#website\"},\"datePublished\":\"2024-03-12T16:45:31+00:00\",\"dateModified\":\"2026-03-09T20:06:53+00:00\",\"breadcrumb\":{\"@id\":\"https:\/\/manivelle-et-turbo.com\/?page_id=11#breadcrumb\"},\"inLanguage\":\"fr-FR\",\"potentialAction\":[{\"@type\":\"ReadAction\",\"target\":[\"https:\/\/manivelle-et-turbo.com\/?page_id=11\"]}]},{\"@type\":\"BreadcrumbList\",\"@id\":\"https:\/\/manivelle-et-turbo.com\/?page_id=11#breadcrumb\",\"itemListElement\":[{\"@type\":\"ListItem\",\"position\":1,\"name\":\"Accueil\",\"item\":\"https:\/\/manivelle-et-turbo.com\/\"},{\"@type\":\"ListItem\",\"position\":2,\"name\":\"Pour qui ?\"}]},{\"@type\":\"WebSite\",\"@id\":\"https:\/\/manivelle-et-turbo.com\/#website\",\"url\":\"https:\/\/manivelle-et-turbo.com\/\",\"name\":\"Manivelle et Turbo\",\"description\":\"L&#039;\u00c9chapp\u00e9e Vintage\",\"publisher\":{\"@id\":\"https:\/\/manivelle-et-turbo.com\/#organization\"},\"potentialAction\":[{\"@type\":\"SearchAction\",\"target\":{\"@type\":\"EntryPoint\",\"urlTemplate\":\"https:\/\/manivelle-et-turbo.com\/?s={search_term_string}\"},\"query-input\":{\"@type\":\"PropertyValueSpecification\",\"valueRequired\":true,\"valueName\":\"search_term_string\"}}],\"inLanguage\":\"fr-FR\"},{\"@type\":\"Organization\",\"@id\":\"https:\/\/manivelle-et-turbo.com\/#organization\",\"name\":\"Manivelle et Turbo\",\"url\":\"https:\/\/manivelle-et-turbo.com\/\",\"logo\":{\"@type\":\"ImageObject\",\"inLanguage\":\"fr-FR\",\"@id\":\"https:\/\/manivelle-et-turbo.com\/#\/schema\/logo\/image\/\",\"url\":\"https:\/\/manivelle-et-turbo.com\/wp-content\/uploads\/2024\/03\/Manivelle-et-Turbo-OK4-2.png\",\"contentUrl\":\"https:\/\/manivelle-et-turbo.com\/wp-content\/uploads\/2024\/03\/Manivelle-et-Turbo-OK4-2.png\",\"width\":1000,\"height\":1000,\"caption\":\"Manivelle et Turbo\"},\"image\":{\"@id\":\"https:\/\/manivelle-et-turbo.com\/#\/schema\/logo\/image\/\"}}]}<\/script>\n<!-- \/ Yoast SEO plugin. -->","yoast_head_json":{"title":"Pour qui ? - Manivelle et Turbo","robots":{"index":"index","follow":"follow","max-snippet":"max-snippet:-1","max-image-preview":"max-image-preview:large","max-video-preview":"max-video-preview:-1"},"canonical":"https:\/\/manivelle-et-turbo.com\/?page_id=11","og_locale":"fr_FR","og_type":"article","og_title":"Pour qui ? - Manivelle et Turbo","og_description":"L\u2019\u00c9chapp\u00e9e Vintage \u00ab\u00a0L&rsquo;\u00c9chapp\u00e9e Vintage\u00a0\u00bb : Le Grand Rendez-Vous des V\u00e9hicules Remarquables et Collectors des Monts du Lyonnais Amateurs de belles m\u00e9caniques, collectionneurs passionn\u00e9s, et simples curieux seront ravis par la diversit\u00e9 des v\u00e9hicules pr\u00e9sent\u00e9s lors de \u00ab\u00a0L&rsquo;\u00c9chapp\u00e9e Vintage\u00a0\u00bb.&nbsp; Autos, motos, tracteurs, camions, mobylettes et bien d&rsquo;autres joyaux m\u00e9caniques seront \u00e0 l&rsquo;honneur, t\u00e9moins vivants de l&rsquo;histoire [&hellip;]","og_url":"https:\/\/manivelle-et-turbo.com\/?page_id=11","og_site_name":"Manivelle et Turbo","article_modified_time":"2026-03-09T20:06:53+00:00","twitter_card":"summary_large_image","twitter_misc":{"Dur\u00e9e de lecture estim\u00e9e":"1 minute"},"schema":{"@context":"https:\/\/schema.org","@graph":[{"@type":"WebPage","@id":"https:\/\/manivelle-et-turbo.com\/?page_id=11","url":"https:\/\/manivelle-et-turbo.com\/?page_id=11","name":"Pour qui ? - Manivelle et Turbo","isPartOf":{"@id":"https:\/\/manivelle-et-turbo.com\/#website"},"datePublished":"2024-03-12T16:45:31+00:00","dateModified":"2026-03-09T20:06:53+00:00","breadcrumb":{"@id":"https:\/\/manivelle-et-turbo.com\/?page_id=11#breadcrumb"},"inLanguage":"fr-FR","potentialAction":[{"@type":"ReadAction","target":["https:\/\/manivelle-et-turbo.com\/?page_id=11"]}]},{"@type":"BreadcrumbList","@id":"https:\/\/manivelle-et-turbo.com\/?page_id=11#breadcrumb","itemListElement":[{"@type":"ListItem","position":1,"name":"Accueil","item":"https:\/\/manivelle-et-turbo.com\/"},{"@type":"ListItem","position":2,"name":"Pour qui ?"}]},{"@type":"WebSite","@id":"https:\/\/manivelle-et-turbo.com\/#website","url":"https:\/\/manivelle-et-turbo.com\/","name":"Manivelle et Turbo","description":"L&#039;\u00c9chapp\u00e9e Vintage","publisher":{"@id":"https:\/\/manivelle-et-turbo.com\/#organization"},"potentialAction":[{"@type":"SearchAction","target":{"@type":"EntryPoint","urlTemplate":"https:\/\/manivelle-et-turbo.com\/?s={search_term_string}"},"query-input":{"@type":"PropertyValueSpecification","valueRequired":true,"valueName":"search_term_string"}}],"inLanguage":"fr-FR"},{"@type":"Organization","@id":"https:\/\/manivelle-et-turbo.com\/#organization","name":"Manivelle et Turbo","url":"https:\/\/manivelle-et-turbo.com\/","logo":{"@type":"ImageObject","inLanguage":"fr-FR","@id":"https:\/\/manivelle-et-turbo.com\/#\/schema\/logo\/image\/","url":"https:\/\/manivelle-et-turbo.com\/wp-content\/uploads\/2024\/03\/Manivelle-et-Turbo-OK4-2.png","contentUrl":"https:\/\/manivelle-et-turbo.com\/wp-content\/uploads\/2024\/03\/Manivelle-et-Turbo-OK4-2.png","width":1000,"height":1000,"caption":"Manivelle et Turbo"},"image":{"@id":"https:\/\/manivelle-et-turbo.com\/#\/schema\/logo\/image\/"}}]}},"_links":{"self":[{"href":"https:\/\/manivelle-et-turbo.com\/index.php?rest_route=\/wp\/v2\/pages\/11","targetHints":{"allow":["GET"]}}],"collection":[{"href":"https:\/\/manivelle-et-turbo.com\/index.php?rest_route=\/wp\/v2\/pages"}],"about":[{"href":"https:\/\/manivelle-et-turbo.com\/index.php?rest_route=\/wp\/v2\/types\/page"}],"author":[{"embeddable":true,"href":"https:\/\/manivelle-et-turbo.com\/index.php?rest_route=\/wp\/v2\/users\/1"}],"replies":[{"embeddable":true,"href":"https:\/\/manivelle-et-turbo.com\/index.php?rest_route=%2Fwp%2Fv2%2Fcomments&post=11"}],"version-history":[{"count":56,"href":"https:\/\/manivelle-et-turbo.com\/index.php?rest_route=\/wp\/v2\/pages\/11\/revisions"}],"predecessor-version":[{"id":765,"href":"https:\/\/manivelle-et-turbo.com\/index.php?rest_route=\/wp\/v2\/pages\/11\/revisions\/765"}],"wp:attachment":[{"href":"https:\/\/manivelle-et-turbo.com\/index.php?rest_route=%2Fwp%2Fv2%2Fmedia&parent=11"}],"curies":[{"name":"wp","href":"https:\/\/api.w.org\/{rel}","templated":true}]}}