{"id":2,"date":"2024-03-11T18:25:11","date_gmt":"2024-03-11T17:25:11","guid":{"rendered":"https:\/\/manivelle-et-turbo.com\/?page_id=2"},"modified":"2026-03-09T21:34:38","modified_gmt":"2026-03-09T20:34:38","slug":"page-d-exemple","status":"publish","type":"page","link":"https:\/\/manivelle-et-turbo.com\/?page_id=2","title":{"rendered":"Restauration"},"content":{"rendered":"\t\t<div data-elementor-type=\"wp-page\" data-elementor-id=\"2\" class=\"elementor elementor-2\">\n\t\t\t\t<div class=\"elementor-element elementor-element-02fc0a3 e-flex e-con-boxed e-con e-parent\" data-id=\"02fc0a3\" data-element_type=\"container\">\n\t\t\t\t\t<div class=\"e-con-inner\">\n\t\t\t\t<div class=\"elementor-element elementor-element-f66b9a1 elementor-widget elementor-widget-text-editor\" data-id=\"f66b9a1\" data-element_type=\"widget\" data-widget_type=\"text-editor.default\">\n\t\t\t\t<div class=\"elementor-widget-container\">\n\t\t\t\t\t\t\t\t\t<h1 style=\"text-align: center;\"><span style=\"color: #000000;\">Buvette &#8211; Restauration &#8211; et Nocturne jusqu&rsquo;\u00e0 22h00 avec planches du terroir<\/span><\/h1>\t\t\t\t\t\t\t\t<\/div>\n\t\t\t\t<\/div>\n\t\t\t\t\t<\/div>\n\t\t\t\t<\/div>\n\t\t<div class=\"elementor-element elementor-element-1fe1e96 e-flex e-con-boxed e-con e-parent\" data-id=\"1fe1e96\" data-element_type=\"container\">\n\t\t\t\t\t<div class=\"e-con-inner\">\n\t\t\t\t<div class=\"elementor-element elementor-element-f446041 elementor-widget elementor-widget-text-editor\" data-id=\"f446041\" data-element_type=\"widget\" data-widget_type=\"text-editor.default\">\n\t\t\t\t<div class=\"elementor-widget-container\">\n\t\t\t\t\t\t\t\t\t<h1 style=\"text-align: center;\"><span style=\"color: #000000;\">Samedi 25 avril 2026&nbsp; 9h00 &#8211; 22h00<\/span><\/h1>\n<h1 style=\"text-align: center;\"><span style=\"color: #000000;\">\u00e0 Saint Julien sur Bibost<\/span><\/h1>\n<h1>&nbsp;<\/h1>\n<h1 style=\"text-align: center;\"><span style=\"color: #000000;\">L\u2019\u00c9chapp\u00e9e Vintage<\/span><\/h1>\n<h1>&nbsp;<\/h1>\n<h1 style=\"text-align: center;\"><span style=\"color: #000000;\">Buvette et Restauration sur place<\/span><\/h1>\n<h1>&nbsp;<\/h1>\n<h1 style=\"text-align: center;\"><span style=\"color: #000000;\"><strong>Repas de midi sur r\u00e9servation obligatoire<\/strong><\/span><\/h1>\n<h1>&nbsp;<\/h1>\n<h1 style=\"text-align: center;\"><span style=\"color: #000000;\"><strong>Plat Chaud rotisserie, Fromage, Dessert&nbsp; &#8211; 18\u20ac \/ personne<\/strong><\/span><\/h1>\n<h1>&nbsp;<\/h1>\n<h1 style=\"text-align: center;\"><span style=\"color: #000000;\">Pour l\u2019<strong>inscription<\/strong> c\u2019est ici :&nbsp;<\/span><a href=\"https:\/\/manivelle-et-turbo.badgeacces.fr\" style=\"font-family: Aptos, sans-serif; font-size: 12pt; text-align: start;\">https:\/\/manivelle-et-turbo.badgeacces.fr<\/a><span style=\"color: rgb(0, 0, 0); font-size: 30px;\">&nbsp;<\/span><\/h1>\n<p>\u00e9crivez-nous !<\/p>\t\t\t\t\t\t\t\t<\/div>\n\t\t\t\t<\/div>\n\t\t\t\t\t<\/div>\n\t\t\t\t<\/div>\n\t\t\t\t<\/div>\n\t\t","protected":false},"excerpt":{"rendered":"<p>Buvette &#8211; Restauration &#8211; et Nocturne jusqu&rsquo;\u00e0 22h00 avec planches du terroir Samedi 25 avril 2026&nbsp; 9h00 &#8211; 22h00 \u00e0 Saint Julien sur Bibost &nbsp; L\u2019\u00c9chapp\u00e9e Vintage &nbsp; Buvette et Restauration sur place &nbsp; Repas de midi sur r\u00e9servation obligatoire &nbsp; Plat Chaud rotisserie, Fromage, Dessert&nbsp; &#8211; 18\u20ac \/ personne &nbsp; Pour l\u2019inscription c\u2019est ici [&hellip;]<\/p>\n","protected":false},"author":1,"featured_media":0,"parent":0,"menu_order":0,"comment_status":"closed","ping_status":"closed","template":"","meta":{"footnotes":""},"class_list":["post-2","page","type-page","status-publish","hentry"],"yoast_head":"<!-- This site is optimized with the Yoast SEO plugin v24.9 - https:\/\/yoast.com\/wordpress\/plugins\/seo\/ -->\n<title>Restauration - Manivelle et Turbo<\/title>\n<meta name=\"robots\" content=\"index, follow, max-snippet:-1, max-image-preview:large, max-video-preview:-1\" \/>\n<link rel=\"canonical\" href=\"https:\/\/manivelle-et-turbo.com\/?page_id=2\" \/>\n<meta property=\"og:locale\" content=\"fr_FR\" \/>\n<meta property=\"og:type\" content=\"article\" \/>\n<meta property=\"og:title\" content=\"Restauration - Manivelle et Turbo\" \/>\n<meta property=\"og:description\" content=\"Buvette &#8211; Restauration &#8211; et Nocturne jusqu&rsquo;\u00e0 22h00 avec planches du terroir Samedi 25 avril 2026&nbsp; 9h00 &#8211; 22h00 \u00e0 Saint Julien sur Bibost &nbsp; L\u2019\u00c9chapp\u00e9e Vintage &nbsp; Buvette et Restauration sur place &nbsp; Repas de midi sur r\u00e9servation obligatoire &nbsp; Plat Chaud rotisserie, Fromage, Dessert&nbsp; &#8211; 18\u20ac \/ personne &nbsp; Pour l\u2019inscription c\u2019est ici [&hellip;]\" \/>\n<meta property=\"og:url\" content=\"https:\/\/manivelle-et-turbo.com\/?page_id=2\" \/>\n<meta property=\"og:site_name\" content=\"Manivelle et Turbo\" \/>\n<meta property=\"article:modified_time\" content=\"2026-03-09T20:34:38+00:00\" \/>\n<meta name=\"twitter:card\" content=\"summary_large_image\" \/>\n<meta name=\"twitter:label1\" content=\"Dur\u00e9e de lecture estim\u00e9e\" \/>\n\t<meta name=\"twitter:data1\" content=\"1 minute\" \/>\n<script type=\"application\/ld+json\" class=\"yoast-schema-graph\">{\"@context\":\"https:\/\/schema.org\",\"@graph\":[{\"@type\":\"WebPage\",\"@id\":\"https:\/\/manivelle-et-turbo.com\/?page_id=2\",\"url\":\"https:\/\/manivelle-et-turbo.com\/?page_id=2\",\"name\":\"Restauration - Manivelle et Turbo\",\"isPartOf\":{\"@id\":\"https:\/\/manivelle-et-turbo.com\/#website\"},\"datePublished\":\"2024-03-11T17:25:11+00:00\",\"dateModified\":\"2026-03-09T20:34:38+00:00\",\"breadcrumb\":{\"@id\":\"https:\/\/manivelle-et-turbo.com\/?page_id=2#breadcrumb\"},\"inLanguage\":\"fr-FR\",\"potentialAction\":[{\"@type\":\"ReadAction\",\"target\":[\"https:\/\/manivelle-et-turbo.com\/?page_id=2\"]}]},{\"@type\":\"BreadcrumbList\",\"@id\":\"https:\/\/manivelle-et-turbo.com\/?page_id=2#breadcrumb\",\"itemListElement\":[{\"@type\":\"ListItem\",\"position\":1,\"name\":\"Accueil\",\"item\":\"https:\/\/manivelle-et-turbo.com\/\"},{\"@type\":\"ListItem\",\"position\":2,\"name\":\"Restauration\"}]},{\"@type\":\"WebSite\",\"@id\":\"https:\/\/manivelle-et-turbo.com\/#website\",\"url\":\"https:\/\/manivelle-et-turbo.com\/\",\"name\":\"Manivelle et Turbo\",\"description\":\"L&#039;\u00c9chapp\u00e9e Vintage\",\"publisher\":{\"@id\":\"https:\/\/manivelle-et-turbo.com\/#organization\"},\"potentialAction\":[{\"@type\":\"SearchAction\",\"target\":{\"@type\":\"EntryPoint\",\"urlTemplate\":\"https:\/\/manivelle-et-turbo.com\/?s={search_term_string}\"},\"query-input\":{\"@type\":\"PropertyValueSpecification\",\"valueRequired\":true,\"valueName\":\"search_term_string\"}}],\"inLanguage\":\"fr-FR\"},{\"@type\":\"Organization\",\"@id\":\"https:\/\/manivelle-et-turbo.com\/#organization\",\"name\":\"Manivelle et Turbo\",\"url\":\"https:\/\/manivelle-et-turbo.com\/\",\"logo\":{\"@type\":\"ImageObject\",\"inLanguage\":\"fr-FR\",\"@id\":\"https:\/\/manivelle-et-turbo.com\/#\/schema\/logo\/image\/\",\"url\":\"https:\/\/manivelle-et-turbo.com\/wp-content\/uploads\/2024\/03\/Manivelle-et-Turbo-OK4-2.png\",\"contentUrl\":\"https:\/\/manivelle-et-turbo.com\/wp-content\/uploads\/2024\/03\/Manivelle-et-Turbo-OK4-2.png\",\"width\":1000,\"height\":1000,\"caption\":\"Manivelle et Turbo\"},\"image\":{\"@id\":\"https:\/\/manivelle-et-turbo.com\/#\/schema\/logo\/image\/\"}}]}<\/script>\n<!-- \/ Yoast SEO plugin. -->","yoast_head_json":{"title":"Restauration - Manivelle et Turbo","robots":{"index":"index","follow":"follow","max-snippet":"max-snippet:-1","max-image-preview":"max-image-preview:large","max-video-preview":"max-video-preview:-1"},"canonical":"https:\/\/manivelle-et-turbo.com\/?page_id=2","og_locale":"fr_FR","og_type":"article","og_title":"Restauration - Manivelle et Turbo","og_description":"Buvette &#8211; Restauration &#8211; et Nocturne jusqu&rsquo;\u00e0 22h00 avec planches du terroir Samedi 25 avril 2026&nbsp; 9h00 &#8211; 22h00 \u00e0 Saint Julien sur Bibost &nbsp; L\u2019\u00c9chapp\u00e9e Vintage &nbsp; Buvette et Restauration sur place &nbsp; Repas de midi sur r\u00e9servation obligatoire &nbsp; Plat Chaud rotisserie, Fromage, Dessert&nbsp; &#8211; 18\u20ac \/ personne &nbsp; Pour l\u2019inscription c\u2019est ici [&hellip;]","og_url":"https:\/\/manivelle-et-turbo.com\/?page_id=2","og_site_name":"Manivelle et Turbo","article_modified_time":"2026-03-09T20:34:38+00:00","twitter_card":"summary_large_image","twitter_misc":{"Dur\u00e9e de lecture estim\u00e9e":"1 minute"},"schema":{"@context":"https:\/\/schema.org","@graph":[{"@type":"WebPage","@id":"https:\/\/manivelle-et-turbo.com\/?page_id=2","url":"https:\/\/manivelle-et-turbo.com\/?page_id=2","name":"Restauration - Manivelle et Turbo","isPartOf":{"@id":"https:\/\/manivelle-et-turbo.com\/#website"},"datePublished":"2024-03-11T17:25:11+00:00","dateModified":"2026-03-09T20:34:38+00:00","breadcrumb":{"@id":"https:\/\/manivelle-et-turbo.com\/?page_id=2#breadcrumb"},"inLanguage":"fr-FR","potentialAction":[{"@type":"ReadAction","target":["https:\/\/manivelle-et-turbo.com\/?page_id=2"]}]},{"@type":"BreadcrumbList","@id":"https:\/\/manivelle-et-turbo.com\/?page_id=2#breadcrumb","itemListElement":[{"@type":"ListItem","position":1,"name":"Accueil","item":"https:\/\/manivelle-et-turbo.com\/"},{"@type":"ListItem","position":2,"name":"Restauration"}]},{"@type":"WebSite","@id":"https:\/\/manivelle-et-turbo.com\/#website","url":"https:\/\/manivelle-et-turbo.com\/","name":"Manivelle et Turbo","description":"L&#039;\u00c9chapp\u00e9e Vintage","publisher":{"@id":"https:\/\/manivelle-et-turbo.com\/#organization"},"potentialAction":[{"@type":"SearchAction","target":{"@type":"EntryPoint","urlTemplate":"https:\/\/manivelle-et-turbo.com\/?s={search_term_string}"},"query-input":{"@type":"PropertyValueSpecification","valueRequired":true,"valueName":"search_term_string"}}],"inLanguage":"fr-FR"},{"@type":"Organization","@id":"https:\/\/manivelle-et-turbo.com\/#organization","name":"Manivelle et Turbo","url":"https:\/\/manivelle-et-turbo.com\/","logo":{"@type":"ImageObject","inLanguage":"fr-FR","@id":"https:\/\/manivelle-et-turbo.com\/#\/schema\/logo\/image\/","url":"https:\/\/manivelle-et-turbo.com\/wp-content\/uploads\/2024\/03\/Manivelle-et-Turbo-OK4-2.png","contentUrl":"https:\/\/manivelle-et-turbo.com\/wp-content\/uploads\/2024\/03\/Manivelle-et-Turbo-OK4-2.png","width":1000,"height":1000,"caption":"Manivelle et Turbo"},"image":{"@id":"https:\/\/manivelle-et-turbo.com\/#\/schema\/logo\/image\/"}}]}},"_links":{"self":[{"href":"https:\/\/manivelle-et-turbo.com\/index.php?rest_route=\/wp\/v2\/pages\/2","targetHints":{"allow":["GET"]}}],"collection":[{"href":"https:\/\/manivelle-et-turbo.com\/index.php?rest_route=\/wp\/v2\/pages"}],"about":[{"href":"https:\/\/manivelle-et-turbo.com\/index.php?rest_route=\/wp\/v2\/types\/page"}],"author":[{"embeddable":true,"href":"https:\/\/manivelle-et-turbo.com\/index.php?rest_route=\/wp\/v2\/users\/1"}],"replies":[{"embeddable":true,"href":"https:\/\/manivelle-et-turbo.com\/index.php?rest_route=%2Fwp%2Fv2%2Fcomments&post=2"}],"version-history":[{"count":49,"href":"https:\/\/manivelle-et-turbo.com\/index.php?rest_route=\/wp\/v2\/pages\/2\/revisions"}],"predecessor-version":[{"id":789,"href":"https:\/\/manivelle-et-turbo.com\/index.php?rest_route=\/wp\/v2\/pages\/2\/revisions\/789"}],"wp:attachment":[{"href":"https:\/\/manivelle-et-turbo.com\/index.php?rest_route=%2Fwp%2Fv2%2Fmedia&parent=2"}],"curies":[{"name":"wp","href":"https:\/\/api.w.org\/{rel}","templated":true}]}}