{"id":69,"date":"2024-03-12T18:18:15","date_gmt":"2024-03-12T17:18:15","guid":{"rendered":"https:\/\/manivelle-et-turbo.com\/?page_id=69"},"modified":"2026-03-09T21:06:18","modified_gmt":"2026-03-09T20:06:18","slug":"home","status":"publish","type":"page","link":"https:\/\/manivelle-et-turbo.com\/","title":{"rendered":"Accueil"},"content":{"rendered":"\t\t<div data-elementor-type=\"wp-page\" data-elementor-id=\"69\" class=\"elementor elementor-69\">\n\t\t\t\t<div class=\"elementor-element elementor-element-d02e635 e-grid e-con-boxed e-con e-parent\" data-id=\"d02e635\" data-element_type=\"container\">\n\t\t\t\t\t<div class=\"e-con-inner\">\n\t\t\t\t<div class=\"elementor-element elementor-element-4869531 elementor-widget elementor-widget-google_maps\" data-id=\"4869531\" data-element_type=\"widget\" data-widget_type=\"google_maps.default\">\n\t\t\t\t<div class=\"elementor-widget-container\">\n\t\t\t\t\t\t\t<div class=\"elementor-custom-embed\">\n\t\t\t<iframe loading=\"lazy\"\n\t\t\t\t\tsrc=\"https:\/\/maps.google.com\/maps?q=st%20julien%20sur%20bibost%20l%27echapp%C3%A9e%20vintage&#038;t=m&#038;z=14&#038;output=embed&#038;iwloc=near\"\n\t\t\t\t\ttitle=\"st julien sur bibost l&#039;echapp\u00e9e vintage\"\n\t\t\t\t\taria-label=\"st julien sur bibost l&#039;echapp\u00e9e vintage\"\n\t\t\t><\/iframe>\n\t\t<\/div>\n\t\t\t\t\t\t<\/div>\n\t\t\t\t<\/div>\n\t\t\t\t<div class=\"elementor-element elementor-element-40e3f48 elementor-widget elementor-widget-text-editor\" data-id=\"40e3f48\" data-element_type=\"widget\" data-widget_type=\"text-editor.default\">\n\t\t\t\t<div class=\"elementor-widget-container\">\n\t\t\t\t\t\t\t\t\t<h1 style=\"text-align: center;\"><span style=\"color: #993300;\"><strong>L&rsquo;\u00c9chapp\u00e9e Vintage<\/strong><\/span><\/h1><h3 style=\"text-align: center;\"><span style=\"color: #ff0000;\"><em>Le Grand Rendez-vous des V\u00e9hicules Remarquables &amp; Collectors des<br \/>Monts du Lyonnais<\/em><\/span><\/h3><h2 style=\"text-align: center;\"><span style=\"color: #000000;\"><strong>Samedi 25 Avril 2026<\/strong><\/span><\/h2><p style=\"text-align: center;\"><span style=\"color: #ff00ff;\"><strong>9H00 &#8211; 22H00 &#8211; Nouveaut\u00e9 ! Nocturne jusqu&rsquo;\u00e0 22h00<\/strong><\/span><\/p><h4 style=\"text-align: center;\"><em><strong><span style=\"color: #000000;\">Animations, simulateurs, conf\u00e9rences, buvette, repas&#8230;<\/span><\/strong><\/em><\/h4><h1 style=\"text-align: center;\"><strong><span style=\"color: #000000;\">St Julien sur Bibost &#8211; Rh\u00f4ne<br \/>avec notre<br \/>Grand circuit balade au d\u00e9part de La Palmeraie de la Tour de Salvagny<\/span><\/strong><\/h1><h3 style=\"text-align: center;\"><span style=\"color: #000000;\"><br \/>Pour l\u2019<strong>inscription<\/strong> c\u2019est ici :<\/span><\/h3><div><span style=\"font-size: 12.0pt; font-family: 'Aptos',sans-serif; mso-fareast-font-family: 'Times New Roman'; mso-bidi-font-family: Aptos; mso-ansi-language: FR; mso-fareast-language: FR; mso-bidi-language: AR-SA;\"><a href=\"https:\/\/manivelle-et-turbo.badgeacces.fr\">https:\/\/manivelle-et-turbo.badgeacces.fr<\/a><\/span><br \/><br \/><\/div>\t\t\t\t\t\t\t\t<\/div>\n\t\t\t\t<\/div>\n\t\t\t\t\t<\/div>\n\t\t\t\t<\/div>\n\t\t<div class=\"elementor-element elementor-element-a71c360 e-flex e-con-boxed e-con e-parent\" data-id=\"a71c360\" data-element_type=\"container\">\n\t\t\t\t\t<div class=\"e-con-inner\">\n\t\t\t\t\t<\/div>\n\t\t\t\t<\/div>\n\t\t<div class=\"elementor-element elementor-element-f0c7881 e-grid e-con-boxed e-con e-parent\" data-id=\"f0c7881\" data-element_type=\"container\">\n\t\t\t\t\t<div class=\"e-con-inner\">\n\t\t\t\t\t<\/div>\n\t\t\t\t<\/div>\n\t\t<div class=\"elementor-element elementor-element-8bd5a97 e-flex e-con-boxed e-con e-parent\" data-id=\"8bd5a97\" data-element_type=\"container\">\n\t\t\t\t\t<div class=\"e-con-inner\">\n\t\t\t\t<div class=\"elementor-element elementor-element-d54ed0a elementor-widget elementor-widget-image\" data-id=\"d54ed0a\" data-element_type=\"widget\" data-widget_type=\"image.default\">\n\t\t\t\t<div class=\"elementor-widget-container\">\n\t\t\t\t\t\t\t\t\t\t\t\t\t\t\t<img fetchpriority=\"high\" decoding=\"async\" width=\"768\" height=\"636\" src=\"https:\/\/manivelle-et-turbo.com\/wp-content\/uploads\/2026\/02\/Echappee-vintage-2025-Scene-1024x848.jpg\" class=\"attachment-large size-large wp-image-725\" alt=\"\" srcset=\"https:\/\/manivelle-et-turbo.com\/wp-content\/uploads\/2026\/02\/Echappee-vintage-2025-Scene-1024x848.jpg 1024w, https:\/\/manivelle-et-turbo.com\/wp-content\/uploads\/2026\/02\/Echappee-vintage-2025-Scene-300x249.jpg 300w, https:\/\/manivelle-et-turbo.com\/wp-content\/uploads\/2026\/02\/Echappee-vintage-2025-Scene-768x636.jpg 768w, https:\/\/manivelle-et-turbo.com\/wp-content\/uploads\/2026\/02\/Echappee-vintage-2025-Scene-1536x1273.jpg 1536w, https:\/\/manivelle-et-turbo.com\/wp-content\/uploads\/2026\/02\/Echappee-vintage-2025-Scene-2048x1697.jpg 2048w, https:\/\/manivelle-et-turbo.com\/wp-content\/uploads\/2026\/02\/Echappee-vintage-2025-Scene-600x497.jpg 600w\" sizes=\"(max-width: 768px) 100vw, 768px\" \/>\t\t\t\t\t\t\t\t\t\t\t\t\t\t\t<\/div>\n\t\t\t\t<\/div>\n\t\t\t\t<div class=\"elementor-element elementor-element-ad30c31 elementor-widget elementor-widget-image\" data-id=\"ad30c31\" data-element_type=\"widget\" data-widget_type=\"image.default\">\n\t\t\t\t<div class=\"elementor-widget-container\">\n\t\t\t\t\t\t\t\t\t\t\t\t\t\t\t<img decoding=\"async\" src=\"https:\/\/manivelle-et-turbo.com\/wp-content\/plugins\/elementor\/assets\/images\/placeholder.png\" title=\"\" alt=\"\" loading=\"lazy\" \/>\t\t\t\t\t\t\t\t\t\t\t\t\t\t\t<\/div>\n\t\t\t\t<\/div>\n\t\t\t\t\t<\/div>\n\t\t\t\t<\/div>\n\t\t\t\t<\/div>\n\t\t","protected":false},"excerpt":{"rendered":"<p>L&rsquo;\u00c9chapp\u00e9e Vintage Le Grand Rendez-vous des V\u00e9hicules Remarquables &amp; Collectors desMonts du Lyonnais Samedi 25 Avril 2026 9H00 &#8211; 22H00 &#8211; Nouveaut\u00e9 ! Nocturne jusqu&rsquo;\u00e0 22h00 Animations, simulateurs, conf\u00e9rences, buvette, repas&#8230; St Julien sur Bibost &#8211; Rh\u00f4neavec notreGrand circuit balade au d\u00e9part de La Palmeraie de la Tour de Salvagny Pour l\u2019inscription c\u2019est ici : [&hellip;]<\/p>\n","protected":false},"author":1,"featured_media":0,"parent":0,"menu_order":0,"comment_status":"closed","ping_status":"closed","template":"elementor_header_footer","meta":{"footnotes":""},"class_list":["post-69","page","type-page","status-publish","hentry"],"yoast_head":"<!-- This site is optimized with the Yoast SEO plugin v24.9 - https:\/\/yoast.com\/wordpress\/plugins\/seo\/ -->\n<title>Accueil - Manivelle et Turbo<\/title>\n<meta name=\"robots\" content=\"index, follow, max-snippet:-1, max-image-preview:large, max-video-preview:-1\" \/>\n<link rel=\"canonical\" href=\"https:\/\/manivelle-et-turbo.com\/\" \/>\n<meta property=\"og:locale\" content=\"fr_FR\" \/>\n<meta property=\"og:type\" content=\"article\" \/>\n<meta property=\"og:title\" content=\"Accueil - Manivelle et Turbo\" \/>\n<meta property=\"og:description\" content=\"L&rsquo;\u00c9chapp\u00e9e Vintage Le Grand Rendez-vous des V\u00e9hicules Remarquables &amp; Collectors desMonts du Lyonnais Samedi 25 Avril 2026 9H00 &#8211; 22H00 &#8211; Nouveaut\u00e9 ! Nocturne jusqu&rsquo;\u00e0 22h00 Animations, simulateurs, conf\u00e9rences, buvette, repas&#8230; St Julien sur Bibost &#8211; Rh\u00f4neavec notreGrand circuit balade au d\u00e9part de La Palmeraie de la Tour de Salvagny Pour l\u2019inscription c\u2019est ici : [&hellip;]\" \/>\n<meta property=\"og:url\" content=\"https:\/\/manivelle-et-turbo.com\/\" \/>\n<meta property=\"og:site_name\" content=\"Manivelle et Turbo\" \/>\n<meta property=\"article:modified_time\" content=\"2026-03-09T20:06:18+00:00\" \/>\n<meta property=\"og:image\" content=\"https:\/\/manivelle-et-turbo.com\/wp-content\/uploads\/2026\/02\/Echappee-vintage-2025-Scene-scaled.jpg\" \/>\n\t<meta property=\"og:image:width\" content=\"2560\" \/>\n\t<meta property=\"og:image:height\" content=\"2121\" \/>\n\t<meta property=\"og:image:type\" content=\"image\/jpeg\" \/>\n<meta name=\"twitter:card\" content=\"summary_large_image\" \/>\n<meta name=\"twitter:label1\" content=\"Dur\u00e9e de lecture estim\u00e9e\" \/>\n\t<meta name=\"twitter:data1\" content=\"1 minute\" \/>\n<script type=\"application\/ld+json\" class=\"yoast-schema-graph\">{\"@context\":\"https:\/\/schema.org\",\"@graph\":[{\"@type\":\"WebPage\",\"@id\":\"https:\/\/manivelle-et-turbo.com\/\",\"url\":\"https:\/\/manivelle-et-turbo.com\/\",\"name\":\"Accueil - Manivelle et Turbo\",\"isPartOf\":{\"@id\":\"https:\/\/manivelle-et-turbo.com\/#website\"},\"primaryImageOfPage\":{\"@id\":\"https:\/\/manivelle-et-turbo.com\/#primaryimage\"},\"image\":{\"@id\":\"https:\/\/manivelle-et-turbo.com\/#primaryimage\"},\"thumbnailUrl\":\"https:\/\/manivelle-et-turbo.com\/wp-content\/uploads\/2026\/02\/Echappee-vintage-2025-Scene-1024x848.jpg\",\"datePublished\":\"2024-03-12T17:18:15+00:00\",\"dateModified\":\"2026-03-09T20:06:18+00:00\",\"breadcrumb\":{\"@id\":\"https:\/\/manivelle-et-turbo.com\/#breadcrumb\"},\"inLanguage\":\"fr-FR\",\"potentialAction\":[{\"@type\":\"ReadAction\",\"target\":[\"https:\/\/manivelle-et-turbo.com\/\"]}]},{\"@type\":\"ImageObject\",\"inLanguage\":\"fr-FR\",\"@id\":\"https:\/\/manivelle-et-turbo.com\/#primaryimage\",\"url\":\"https:\/\/manivelle-et-turbo.com\/wp-content\/uploads\/2026\/02\/Echappee-vintage-2025-Scene-scaled.jpg\",\"contentUrl\":\"https:\/\/manivelle-et-turbo.com\/wp-content\/uploads\/2026\/02\/Echappee-vintage-2025-Scene-scaled.jpg\",\"width\":2560,\"height\":2121},{\"@type\":\"BreadcrumbList\",\"@id\":\"https:\/\/manivelle-et-turbo.com\/#breadcrumb\",\"itemListElement\":[{\"@type\":\"ListItem\",\"position\":1,\"name\":\"Accueil\",\"item\":\"https:\/\/manivelle-et-turbo.com\/\"},{\"@type\":\"ListItem\",\"position\":2,\"name\":\"Accueil\"}]},{\"@type\":\"WebSite\",\"@id\":\"https:\/\/manivelle-et-turbo.com\/#website\",\"url\":\"https:\/\/manivelle-et-turbo.com\/\",\"name\":\"Manivelle et Turbo\",\"description\":\"L&#039;\u00c9chapp\u00e9e Vintage\",\"publisher\":{\"@id\":\"https:\/\/manivelle-et-turbo.com\/#organization\"},\"potentialAction\":[{\"@type\":\"SearchAction\",\"target\":{\"@type\":\"EntryPoint\",\"urlTemplate\":\"https:\/\/manivelle-et-turbo.com\/?s={search_term_string}\"},\"query-input\":{\"@type\":\"PropertyValueSpecification\",\"valueRequired\":true,\"valueName\":\"search_term_string\"}}],\"inLanguage\":\"fr-FR\"},{\"@type\":\"Organization\",\"@id\":\"https:\/\/manivelle-et-turbo.com\/#organization\",\"name\":\"Manivelle et Turbo\",\"url\":\"https:\/\/manivelle-et-turbo.com\/\",\"logo\":{\"@type\":\"ImageObject\",\"inLanguage\":\"fr-FR\",\"@id\":\"https:\/\/manivelle-et-turbo.com\/#\/schema\/logo\/image\/\",\"url\":\"https:\/\/manivelle-et-turbo.com\/wp-content\/uploads\/2024\/03\/Manivelle-et-Turbo-OK4-2.png\",\"contentUrl\":\"https:\/\/manivelle-et-turbo.com\/wp-content\/uploads\/2024\/03\/Manivelle-et-Turbo-OK4-2.png\",\"width\":1000,\"height\":1000,\"caption\":\"Manivelle et Turbo\"},\"image\":{\"@id\":\"https:\/\/manivelle-et-turbo.com\/#\/schema\/logo\/image\/\"}}]}<\/script>\n<!-- \/ Yoast SEO plugin. -->","yoast_head_json":{"title":"Accueil - Manivelle et Turbo","robots":{"index":"index","follow":"follow","max-snippet":"max-snippet:-1","max-image-preview":"max-image-preview:large","max-video-preview":"max-video-preview:-1"},"canonical":"https:\/\/manivelle-et-turbo.com\/","og_locale":"fr_FR","og_type":"article","og_title":"Accueil - Manivelle et Turbo","og_description":"L&rsquo;\u00c9chapp\u00e9e Vintage Le Grand Rendez-vous des V\u00e9hicules Remarquables &amp; Collectors desMonts du Lyonnais Samedi 25 Avril 2026 9H00 &#8211; 22H00 &#8211; Nouveaut\u00e9 ! Nocturne jusqu&rsquo;\u00e0 22h00 Animations, simulateurs, conf\u00e9rences, buvette, repas&#8230; St Julien sur Bibost &#8211; Rh\u00f4neavec notreGrand circuit balade au d\u00e9part de La Palmeraie de la Tour de Salvagny Pour l\u2019inscription c\u2019est ici : [&hellip;]","og_url":"https:\/\/manivelle-et-turbo.com\/","og_site_name":"Manivelle et Turbo","article_modified_time":"2026-03-09T20:06:18+00:00","og_image":[{"width":2560,"height":2121,"url":"https:\/\/manivelle-et-turbo.com\/wp-content\/uploads\/2026\/02\/Echappee-vintage-2025-Scene-scaled.jpg","type":"image\/jpeg"}],"twitter_card":"summary_large_image","twitter_misc":{"Dur\u00e9e de lecture estim\u00e9e":"1 minute"},"schema":{"@context":"https:\/\/schema.org","@graph":[{"@type":"WebPage","@id":"https:\/\/manivelle-et-turbo.com\/","url":"https:\/\/manivelle-et-turbo.com\/","name":"Accueil - Manivelle et Turbo","isPartOf":{"@id":"https:\/\/manivelle-et-turbo.com\/#website"},"primaryImageOfPage":{"@id":"https:\/\/manivelle-et-turbo.com\/#primaryimage"},"image":{"@id":"https:\/\/manivelle-et-turbo.com\/#primaryimage"},"thumbnailUrl":"https:\/\/manivelle-et-turbo.com\/wp-content\/uploads\/2026\/02\/Echappee-vintage-2025-Scene-1024x848.jpg","datePublished":"2024-03-12T17:18:15+00:00","dateModified":"2026-03-09T20:06:18+00:00","breadcrumb":{"@id":"https:\/\/manivelle-et-turbo.com\/#breadcrumb"},"inLanguage":"fr-FR","potentialAction":[{"@type":"ReadAction","target":["https:\/\/manivelle-et-turbo.com\/"]}]},{"@type":"ImageObject","inLanguage":"fr-FR","@id":"https:\/\/manivelle-et-turbo.com\/#primaryimage","url":"https:\/\/manivelle-et-turbo.com\/wp-content\/uploads\/2026\/02\/Echappee-vintage-2025-Scene-scaled.jpg","contentUrl":"https:\/\/manivelle-et-turbo.com\/wp-content\/uploads\/2026\/02\/Echappee-vintage-2025-Scene-scaled.jpg","width":2560,"height":2121},{"@type":"BreadcrumbList","@id":"https:\/\/manivelle-et-turbo.com\/#breadcrumb","itemListElement":[{"@type":"ListItem","position":1,"name":"Accueil","item":"https:\/\/manivelle-et-turbo.com\/"},{"@type":"ListItem","position":2,"name":"Accueil"}]},{"@type":"WebSite","@id":"https:\/\/manivelle-et-turbo.com\/#website","url":"https:\/\/manivelle-et-turbo.com\/","name":"Manivelle et Turbo","description":"L&#039;\u00c9chapp\u00e9e Vintage","publisher":{"@id":"https:\/\/manivelle-et-turbo.com\/#organization"},"potentialAction":[{"@type":"SearchAction","target":{"@type":"EntryPoint","urlTemplate":"https:\/\/manivelle-et-turbo.com\/?s={search_term_string}"},"query-input":{"@type":"PropertyValueSpecification","valueRequired":true,"valueName":"search_term_string"}}],"inLanguage":"fr-FR"},{"@type":"Organization","@id":"https:\/\/manivelle-et-turbo.com\/#organization","name":"Manivelle et Turbo","url":"https:\/\/manivelle-et-turbo.com\/","logo":{"@type":"ImageObject","inLanguage":"fr-FR","@id":"https:\/\/manivelle-et-turbo.com\/#\/schema\/logo\/image\/","url":"https:\/\/manivelle-et-turbo.com\/wp-content\/uploads\/2024\/03\/Manivelle-et-Turbo-OK4-2.png","contentUrl":"https:\/\/manivelle-et-turbo.com\/wp-content\/uploads\/2024\/03\/Manivelle-et-Turbo-OK4-2.png","width":1000,"height":1000,"caption":"Manivelle et Turbo"},"image":{"@id":"https:\/\/manivelle-et-turbo.com\/#\/schema\/logo\/image\/"}}]}},"_links":{"self":[{"href":"https:\/\/manivelle-et-turbo.com\/index.php?rest_route=\/wp\/v2\/pages\/69","targetHints":{"allow":["GET"]}}],"collection":[{"href":"https:\/\/manivelle-et-turbo.com\/index.php?rest_route=\/wp\/v2\/pages"}],"about":[{"href":"https:\/\/manivelle-et-turbo.com\/index.php?rest_route=\/wp\/v2\/types\/page"}],"author":[{"embeddable":true,"href":"https:\/\/manivelle-et-turbo.com\/index.php?rest_route=\/wp\/v2\/users\/1"}],"replies":[{"embeddable":true,"href":"https:\/\/manivelle-et-turbo.com\/index.php?rest_route=%2Fwp%2Fv2%2Fcomments&post=69"}],"version-history":[{"count":129,"href":"https:\/\/manivelle-et-turbo.com\/index.php?rest_route=\/wp\/v2\/pages\/69\/revisions"}],"predecessor-version":[{"id":762,"href":"https:\/\/manivelle-et-turbo.com\/index.php?rest_route=\/wp\/v2\/pages\/69\/revisions\/762"}],"wp:attachment":[{"href":"https:\/\/manivelle-et-turbo.com\/index.php?rest_route=%2Fwp%2Fv2%2Fmedia&parent=69"}],"curies":[{"name":"wp","href":"https:\/\/api.w.org\/{rel}","templated":true}]}}